{"id":5196,"date":"2021-01-21T12:01:45","date_gmt":"2021-01-21T17:01:45","guid":{"rendered":"https:\/\/acmgouttieres.mydev.ca\/?post_type=product&#038;p=5196"},"modified":"2021-01-21T18:15:48","modified_gmt":"2021-01-21T23:15:48","slug":"pro-pare-feuille-pour-nouvelles-gouttieres","status":"publish","type":"product","link":"https:\/\/acmgouttieres.mydev.ca\/en\/produit\/pro-pare-feuille-pour-nouvelles-gouttieres\/","title":{"rendered":"Pro Pare-Feuille Pour Nouvelles Goutti\u00e8res"},"content":{"rendered":"<p>Pro Pare-feuille pour nouvelles goutti\u00e8res Avec le Pro Pare-feuille en aluminium votre goutti\u00e8re est renforc\u00e9e d\u2019un bout \u00e0 l\u2019autre.<\/p>\n<p>Ce qui aide les goutti\u00e8res \u00e0 durer plus longtemps, surtout pendant le cycle de gel\/d\u00e9gel.<\/p>\n<p>Les avantages des pare-feuilles d\u2019aluminium sont d\u2019\u00e9viter que vos goutti\u00e8res ne soient obstru\u00e9es par :<\/p>\n<p>\u2022 Des feuilles<\/p>\n<p>\u2022 Les d\u00e9bris<\/p>\n<p>\u2022 Neige<\/p>\n<p>\u2022 La glace demeure sur le dessus de la protection.<\/p>\n<p>\u2022 Garde vos descentes propres. Disponible par pi\u00e8ce \u2022 Pour acheter une bo\u00eete, veuillez nous contacter pour placer votre commande.<\/p>\n<p>\u2022 Cueillette ou livraison<\/p>\n","protected":false},"excerpt":{"rendered":"<p>Pro Pare-feuille pour nouvelles goutti\u00e8res Avec le Pro Pare-feuille en aluminium votre goutti\u00e8re est renforc\u00e9e d\u2019un bout \u00e0 l\u2019autre.<\/p>\n","protected":false},"featured_media":5242,"comment_status":"open","ping_status":"closed","template":"","meta":[],"yoast_head":"<!-- This site is optimized with the Yoast SEO plugin v15.7 - https:\/\/yoast.com\/wordpress\/plugins\/seo\/ -->\n<title>Pro Pare-Feuille Pour Nouvelles Goutti\u00e8res - ACM Goutti\u00e8res<\/title>\n<meta name=\"robots\" content=\"noindex, follow, max-snippet:-1, max-image-preview:large, max-video-preview:-1\" \/>\n<meta property=\"og:locale\" content=\"en_US\" \/>\n<meta property=\"og:type\" content=\"article\" \/>\n<meta property=\"og:title\" content=\"Pro Pare-Feuille Pour Nouvelles Goutti\u00e8res - ACM Goutti\u00e8res\" \/>\n<meta property=\"og:description\" content=\"Pro Pare-feuille pour nouvelles goutti\u00e8res Avec le Pro Pare-feuille en aluminium votre goutti\u00e8re est renforc\u00e9e d\u2019un bout \u00e0 l\u2019autre.\" \/>\n<meta property=\"og:url\" content=\"https:\/\/acmgouttieres.mydev.ca\/produit\/pro-pare-feuille-pour-nouvelles-gouttieres\/\" \/>\n<meta property=\"og:site_name\" content=\"ACM Goutti\u00e8res\" \/>\n<meta property=\"article:modified_time\" content=\"2021-01-21T23:15:48+00:00\" \/>\n<meta property=\"og:image\" content=\"https:\/\/acmgouttieres.mydev.ca\/wp-content\/uploads\/Gutter-Guards-On-New-Gutters.jpg\" \/>\n\t<meta property=\"og:image:width\" content=\"500\" \/>\n\t<meta property=\"og:image:height\" content=\"500\" \/>\n<meta name=\"twitter:card\" content=\"summary\" \/>\n<meta name=\"twitter:label1\" content=\"Est. reading time\">\n\t<meta name=\"twitter:data1\" content=\"1 minute\">\n<script type=\"application\/ld+json\" class=\"yoast-schema-graph\">{\"@context\":\"https:\/\/schema.org\",\"@graph\":[{\"@type\":\"WebSite\",\"@id\":\"https:\/\/acmgouttieres.mydev.ca\/#website\",\"url\":\"https:\/\/acmgouttieres.mydev.ca\/\",\"name\":\"ACM Goutti\\u00e8res\",\"description\":\"\",\"potentialAction\":[{\"@type\":\"SearchAction\",\"target\":\"https:\/\/acmgouttieres.mydev.ca\/?s={search_term_string}\",\"query-input\":\"required name=search_term_string\"}],\"inLanguage\":\"en-US\"},{\"@type\":\"ImageObject\",\"@id\":\"https:\/\/acmgouttieres.mydev.ca\/produit\/pro-pare-feuille-pour-nouvelles-gouttieres\/#primaryimage\",\"inLanguage\":\"en-US\",\"url\":\"https:\/\/acmgouttieres.mydev.ca\/wp-content\/uploads\/Gutter-Guards-On-New-Gutters.jpg\",\"width\":500,\"height\":500},{\"@type\":\"WebPage\",\"@id\":\"https:\/\/acmgouttieres.mydev.ca\/produit\/pro-pare-feuille-pour-nouvelles-gouttieres\/#webpage\",\"url\":\"https:\/\/acmgouttieres.mydev.ca\/produit\/pro-pare-feuille-pour-nouvelles-gouttieres\/\",\"name\":\"Pro Pare-Feuille Pour Nouvelles Goutti\\u00e8res - ACM Goutti\\u00e8res\",\"isPartOf\":{\"@id\":\"https:\/\/acmgouttieres.mydev.ca\/#website\"},\"primaryImageOfPage\":{\"@id\":\"https:\/\/acmgouttieres.mydev.ca\/produit\/pro-pare-feuille-pour-nouvelles-gouttieres\/#primaryimage\"},\"datePublished\":\"2021-01-21T17:01:45+00:00\",\"dateModified\":\"2021-01-21T23:15:48+00:00\",\"breadcrumb\":{\"@id\":\"https:\/\/acmgouttieres.mydev.ca\/produit\/pro-pare-feuille-pour-nouvelles-gouttieres\/#breadcrumb\"},\"inLanguage\":\"en-US\",\"potentialAction\":[{\"@type\":\"ReadAction\",\"target\":[\"https:\/\/acmgouttieres.mydev.ca\/produit\/pro-pare-feuille-pour-nouvelles-gouttieres\/\"]}]},{\"@type\":\"BreadcrumbList\",\"@id\":\"https:\/\/acmgouttieres.mydev.ca\/produit\/pro-pare-feuille-pour-nouvelles-gouttieres\/#breadcrumb\",\"itemListElement\":[{\"@type\":\"ListItem\",\"position\":1,\"item\":{\"@type\":\"WebPage\",\"@id\":\"https:\/\/acmgouttieres.mydev.ca\/en\/\",\"url\":\"https:\/\/acmgouttieres.mydev.ca\/en\/\",\"name\":\"Accueil\"}},{\"@type\":\"ListItem\",\"position\":2,\"item\":{\"@type\":\"WebPage\",\"@id\":\"https:\/\/www.acmgouttieres.com\/shop\/\",\"url\":\"https:\/\/www.acmgouttieres.com\/shop\/\",\"name\":\"Produits\"}},{\"@type\":\"ListItem\",\"position\":3,\"item\":{\"@type\":\"WebPage\",\"@id\":\"https:\/\/acmgouttieres.mydev.ca\/produit\/pro-pare-feuille-pour-nouvelles-gouttieres\/\",\"url\":\"https:\/\/acmgouttieres.mydev.ca\/produit\/pro-pare-feuille-pour-nouvelles-gouttieres\/\",\"name\":\"Pro Pare-Feuille Pour Nouvelles Goutti\\u00e8res\"}}]}]}<\/script>\n<!-- \/ Yoast SEO plugin. -->","_links":{"self":[{"href":"https:\/\/acmgouttieres.mydev.ca\/en\/wp-json\/wp\/v2\/product\/5196"}],"collection":[{"href":"https:\/\/acmgouttieres.mydev.ca\/en\/wp-json\/wp\/v2\/product"}],"about":[{"href":"https:\/\/acmgouttieres.mydev.ca\/en\/wp-json\/wp\/v2\/types\/product"}],"replies":[{"embeddable":true,"href":"https:\/\/acmgouttieres.mydev.ca\/en\/wp-json\/wp\/v2\/comments?post=5196"}],"wp:featuredmedia":[{"embeddable":true,"href":"https:\/\/acmgouttieres.mydev.ca\/en\/wp-json\/wp\/v2\/media\/5242"}],"wp:attachment":[{"href":"https:\/\/acmgouttieres.mydev.ca\/en\/wp-json\/wp\/v2\/media?parent=5196"}],"curies":[{"name":"wp","href":"https:\/\/api.w.org\/{rel}","templated":true}]}}