{"id":5195,"date":"2021-01-21T11:59:09","date_gmt":"2021-01-21T16:59:09","guid":{"rendered":"https:\/\/acmgouttieres.mydev.ca\/?post_type=product&#038;p=5195"},"modified":"2021-01-21T18:17:09","modified_gmt":"2021-01-21T23:17:09","slug":"pare-feuille-pour-gouttieres-existantes","status":"publish","type":"product","link":"https:\/\/acmgouttieres.mydev.ca\/en\/produit\/pare-feuille-pour-gouttieres-existantes\/","title":{"rendered":"Pare-Feuille pour Goutti\u00e8res Existantes"},"content":{"rendered":"<p>Pare-feuille pour goutti\u00e8res existantes Les avantages des pare-feuilles d\u2019aluminium sont d\u2019\u00e9viter que vos goutti\u00e8res ne soient obstru\u00e9es par :<\/p>\n<p>\u2022 Des feuilles<\/p>\n<p>\u2022 Les d\u00e9bris<\/p>\n<p>\u2022 Neige<\/p>\n<p>\u2022 La glace demeure sur le dessus de la protection.<\/p>\n<p>\u2022 Garde vos descentes propres.<\/p>\n<p>\u2022 Disponible par pi\u00e8ce Pour acheter une bo\u00eete, veuillez nous contacter pour placer votre commande.<\/p>\n<p>\u2022 Cueillette ou livraison<\/p>\n<p>&nbsp;<\/p>\n","protected":false},"excerpt":{"rendered":"<p>Pare-feuille pour goutti\u00e8res existantes Les avantages des pare-feuilles d\u2019aluminium sont d\u2019\u00e9viter que vos goutti\u00e8res ne soient obstru\u00e9es<\/p>\n","protected":false},"featured_media":5229,"comment_status":"open","ping_status":"closed","template":"","meta":[],"yoast_head":"<!-- This site is optimized with the Yoast SEO plugin v15.7 - https:\/\/yoast.com\/wordpress\/plugins\/seo\/ -->\n<title>Pare-Feuille pour Goutti\u00e8res Existantes - ACM Goutti\u00e8res<\/title>\n<meta name=\"robots\" content=\"noindex, follow, max-snippet:-1, max-image-preview:large, max-video-preview:-1\" \/>\n<meta property=\"og:locale\" content=\"en_US\" \/>\n<meta property=\"og:type\" content=\"article\" \/>\n<meta property=\"og:title\" content=\"Pare-Feuille pour Goutti\u00e8res Existantes - ACM Goutti\u00e8res\" \/>\n<meta property=\"og:description\" content=\"Pare-feuille pour goutti\u00e8res existantes Les avantages des pare-feuilles d\u2019aluminium sont d\u2019\u00e9viter que vos goutti\u00e8res ne soient obstru\u00e9es\" \/>\n<meta property=\"og:url\" content=\"https:\/\/acmgouttieres.mydev.ca\/produit\/pare-feuille-pour-gouttieres-existantes\/\" \/>\n<meta property=\"og:site_name\" content=\"ACM Goutti\u00e8res\" \/>\n<meta property=\"article:modified_time\" content=\"2021-01-21T23:17:09+00:00\" \/>\n<meta property=\"og:image\" content=\"https:\/\/acmgouttieres.mydev.ca\/wp-content\/uploads\/Leaf-Cover-System-On-Existing-Gutters.jpg\" \/>\n\t<meta property=\"og:image:width\" content=\"500\" \/>\n\t<meta property=\"og:image:height\" content=\"500\" \/>\n<meta name=\"twitter:card\" content=\"summary\" \/>\n<meta name=\"twitter:label1\" content=\"Est. reading time\">\n\t<meta name=\"twitter:data1\" content=\"1 minute\">\n<script type=\"application\/ld+json\" class=\"yoast-schema-graph\">{\"@context\":\"https:\/\/schema.org\",\"@graph\":[{\"@type\":\"WebSite\",\"@id\":\"https:\/\/acmgouttieres.mydev.ca\/#website\",\"url\":\"https:\/\/acmgouttieres.mydev.ca\/\",\"name\":\"ACM Goutti\\u00e8res\",\"description\":\"\",\"potentialAction\":[{\"@type\":\"SearchAction\",\"target\":\"https:\/\/acmgouttieres.mydev.ca\/?s={search_term_string}\",\"query-input\":\"required name=search_term_string\"}],\"inLanguage\":\"en-US\"},{\"@type\":\"ImageObject\",\"@id\":\"https:\/\/acmgouttieres.mydev.ca\/produit\/pare-feuille-pour-gouttieres-existantes\/#primaryimage\",\"inLanguage\":\"en-US\",\"url\":\"https:\/\/acmgouttieres.mydev.ca\/wp-content\/uploads\/Leaf-Cover-System-On-Existing-Gutters.jpg\",\"width\":500,\"height\":500},{\"@type\":\"WebPage\",\"@id\":\"https:\/\/acmgouttieres.mydev.ca\/produit\/pare-feuille-pour-gouttieres-existantes\/#webpage\",\"url\":\"https:\/\/acmgouttieres.mydev.ca\/produit\/pare-feuille-pour-gouttieres-existantes\/\",\"name\":\"Pare-Feuille pour Goutti\\u00e8res Existantes - ACM Goutti\\u00e8res\",\"isPartOf\":{\"@id\":\"https:\/\/acmgouttieres.mydev.ca\/#website\"},\"primaryImageOfPage\":{\"@id\":\"https:\/\/acmgouttieres.mydev.ca\/produit\/pare-feuille-pour-gouttieres-existantes\/#primaryimage\"},\"datePublished\":\"2021-01-21T16:59:09+00:00\",\"dateModified\":\"2021-01-21T23:17:09+00:00\",\"breadcrumb\":{\"@id\":\"https:\/\/acmgouttieres.mydev.ca\/produit\/pare-feuille-pour-gouttieres-existantes\/#breadcrumb\"},\"inLanguage\":\"en-US\",\"potentialAction\":[{\"@type\":\"ReadAction\",\"target\":[\"https:\/\/acmgouttieres.mydev.ca\/produit\/pare-feuille-pour-gouttieres-existantes\/\"]}]},{\"@type\":\"BreadcrumbList\",\"@id\":\"https:\/\/acmgouttieres.mydev.ca\/produit\/pare-feuille-pour-gouttieres-existantes\/#breadcrumb\",\"itemListElement\":[{\"@type\":\"ListItem\",\"position\":1,\"item\":{\"@type\":\"WebPage\",\"@id\":\"https:\/\/acmgouttieres.mydev.ca\/en\/\",\"url\":\"https:\/\/acmgouttieres.mydev.ca\/en\/\",\"name\":\"Accueil\"}},{\"@type\":\"ListItem\",\"position\":2,\"item\":{\"@type\":\"WebPage\",\"@id\":\"https:\/\/www.acmgouttieres.com\/shop\/\",\"url\":\"https:\/\/www.acmgouttieres.com\/shop\/\",\"name\":\"Produits\"}},{\"@type\":\"ListItem\",\"position\":3,\"item\":{\"@type\":\"WebPage\",\"@id\":\"https:\/\/acmgouttieres.mydev.ca\/produit\/pare-feuille-pour-gouttieres-existantes\/\",\"url\":\"https:\/\/acmgouttieres.mydev.ca\/produit\/pare-feuille-pour-gouttieres-existantes\/\",\"name\":\"Pare-Feuille pour Goutti\\u00e8res Existantes\"}}]}]}<\/script>\n<!-- \/ Yoast SEO plugin. -->","_links":{"self":[{"href":"https:\/\/acmgouttieres.mydev.ca\/en\/wp-json\/wp\/v2\/product\/5195"}],"collection":[{"href":"https:\/\/acmgouttieres.mydev.ca\/en\/wp-json\/wp\/v2\/product"}],"about":[{"href":"https:\/\/acmgouttieres.mydev.ca\/en\/wp-json\/wp\/v2\/types\/product"}],"replies":[{"embeddable":true,"href":"https:\/\/acmgouttieres.mydev.ca\/en\/wp-json\/wp\/v2\/comments?post=5195"}],"wp:featuredmedia":[{"embeddable":true,"href":"https:\/\/acmgouttieres.mydev.ca\/en\/wp-json\/wp\/v2\/media\/5229"}],"wp:attachment":[{"href":"https:\/\/acmgouttieres.mydev.ca\/en\/wp-json\/wp\/v2\/media?parent=5195"}],"curies":[{"name":"wp","href":"https:\/\/api.w.org\/{rel}","templated":true}]}}